{"id":2387,"date":"2022-12-23T08:59:48","date_gmt":"2022-12-23T08:59:48","guid":{"rendered":"http:\/\/adicanis.com\/breeding-and-selection\/"},"modified":"2024-06-06T08:58:58","modified_gmt":"2024-06-06T08:58:58","slug":"breeding-and-selection","status":"publish","type":"page","link":"https:\/\/adicanis.com\/en\/breeding-and-selection\/","title":{"rendered":"Breeding and Selection"},"content":{"rendered":"\t\t<div data-elementor-type=\"wp-page\" data-elementor-id=\"2387\" class=\"elementor elementor-2387 elementor-435\" data-elementor-post-type=\"page\">\n\t\t\t\t\t\t<section class=\"elementor-section elementor-top-section elementor-element elementor-element-32dc2ccd elementor-section-full_width elementor-section-content-middle elementor-reverse-tablet elementor-reverse-mobile elementor-section-height-min-height elementor-section-height-default elementor-section-items-middle\" data-id=\"32dc2ccd\" data-element_type=\"section\" data-e-type=\"section\">\n\t\t\t\t\t\t<div class=\"elementor-container elementor-column-gap-no\">\n\t\t\t\t\t<div class=\"elementor-column elementor-col-25 elementor-top-column elementor-element elementor-element-19020712\" data-id=\"19020712\" data-element_type=\"column\" data-e-type=\"column\">\n\t\t\t<div class=\"elementor-widget-wrap elementor-element-populated\">\n\t\t\t\t\t\t<div class=\"elementor-element elementor-element-68193d7e elementor-widget elementor-widget-image\" data-id=\"68193d7e\" data-element_type=\"widget\" data-e-type=\"widget\" data-widget_type=\"image.default\">\n\t\t\t\t<div class=\"elementor-widget-container\">\n\t\t\t\t\t\t\t\t\t\t\t\t\t\t\t<img fetchpriority=\"high\" decoding=\"async\" width=\"480\" height=\"854\" src=\"https:\/\/adicanis.com\/wp-content\/uploads\/2023\/01\/CRIA-Y-SELECCION.png\" class=\"attachment-large size-large wp-image-2967\" alt=\"\" srcset=\"https:\/\/adicanis.com\/wp-content\/uploads\/2023\/01\/CRIA-Y-SELECCION.png 480w, https:\/\/adicanis.com\/wp-content\/uploads\/2023\/01\/CRIA-Y-SELECCION-169x300.png 169w\" sizes=\"(max-width: 480px) 100vw, 480px\" \/>\t\t\t\t\t\t\t\t\t\t\t\t\t\t\t<\/div>\n\t\t\t\t<\/div>\n\t\t\t\t<div class=\"elementor-element elementor-element-2d580863 elementor-widget elementor-widget-image\" data-id=\"2d580863\" data-element_type=\"widget\" data-e-type=\"widget\" data-widget_type=\"image.default\">\n\t\t\t\t<div class=\"elementor-widget-container\">\n\t\t\t\t\t\t\t\t\t\t\t\t\t\t\t<img decoding=\"async\" width=\"480\" height=\"320\" src=\"https:\/\/adicanis.com\/wp-content\/uploads\/2023\/01\/Adiestramiento-profesional.jpg\" class=\"attachment-large size-large wp-image-2973\" alt=\"\" srcset=\"https:\/\/adicanis.com\/wp-content\/uploads\/2023\/01\/Adiestramiento-profesional.jpg 480w, https:\/\/adicanis.com\/wp-content\/uploads\/2023\/01\/Adiestramiento-profesional-300x200.jpg 300w\" sizes=\"(max-width: 480px) 100vw, 480px\" \/>\t\t\t\t\t\t\t\t\t\t\t\t\t\t\t<\/div>\n\t\t\t\t<\/div>\n\t\t\t\t\t<\/div>\n\t\t<\/div>\n\t\t\t\t<div class=\"elementor-column elementor-col-25 elementor-top-column elementor-element elementor-element-2598087e\" data-id=\"2598087e\" data-element_type=\"column\" data-e-type=\"column\">\n\t\t\t<div class=\"elementor-widget-wrap elementor-element-populated\">\n\t\t\t\t\t\t<div class=\"elementor-element elementor-element-177d83d4 elementor-widget elementor-widget-image\" data-id=\"177d83d4\" data-element_type=\"widget\" data-e-type=\"widget\" data-widget_type=\"image.default\">\n\t\t\t\t<div class=\"elementor-widget-container\">\n\t\t\t\t\t\t\t\t\t\t\t\t\t\t\t<img decoding=\"async\" width=\"480\" height=\"320\" src=\"https:\/\/adicanis.com\/wp-content\/uploads\/2023\/01\/CRIA.jpg\" class=\"attachment-large size-large wp-image-2969\" alt=\"\" srcset=\"https:\/\/adicanis.com\/wp-content\/uploads\/2023\/01\/CRIA.jpg 480w, https:\/\/adicanis.com\/wp-content\/uploads\/2023\/01\/CRIA-300x200.jpg 300w\" sizes=\"(max-width: 480px) 100vw, 480px\" \/>\t\t\t\t\t\t\t\t\t\t\t\t\t\t\t<\/div>\n\t\t\t\t<\/div>\n\t\t\t\t<div class=\"elementor-element elementor-element-9dd6856 elementor-widget elementor-widget-image\" data-id=\"9dd6856\" data-element_type=\"widget\" data-e-type=\"widget\" data-widget_type=\"image.default\">\n\t\t\t\t<div class=\"elementor-widget-container\">\n\t\t\t\t\t\t\t\t\t\t\t\t\t\t\t<img loading=\"lazy\" decoding=\"async\" width=\"313\" height=\"320\" src=\"https:\/\/adicanis.com\/wp-content\/uploads\/2023\/01\/PASTOR-ALEMAN.jpg\" class=\"attachment-large size-large wp-image-2971\" alt=\"\" srcset=\"https:\/\/adicanis.com\/wp-content\/uploads\/2023\/01\/PASTOR-ALEMAN.jpg 313w, https:\/\/adicanis.com\/wp-content\/uploads\/2023\/01\/PASTOR-ALEMAN-293x300.jpg 293w\" sizes=\"(max-width: 313px) 100vw, 313px\" \/>\t\t\t\t\t\t\t\t\t\t\t\t\t\t\t<\/div>\n\t\t\t\t<\/div>\n\t\t\t\t\t<\/div>\n\t\t<\/div>\n\t\t\t\t<div class=\"elementor-column elementor-col-50 elementor-top-column elementor-element elementor-element-d9d9944\" data-id=\"d9d9944\" data-element_type=\"column\" data-e-type=\"column\">\n\t\t\t<div class=\"elementor-widget-wrap elementor-element-populated\">\n\t\t\t\t\t\t<div class=\"elementor-element elementor-element-4dae167f elementor-widget elementor-widget-heading\" data-id=\"4dae167f\" data-element_type=\"widget\" data-e-type=\"widget\" data-widget_type=\"heading.default\">\n\t\t\t\t<div class=\"elementor-widget-container\">\n\t\t\t\t\t<h1 class=\"elementor-heading-title elementor-size-default\">BREEDING AND SELECTION <\/h1>\t\t\t\t<\/div>\n\t\t\t\t<\/div>\n\t\t\t\t<div class=\"elementor-element elementor-element-6734dfd6 elementor-laptop-align-center elementor-tablet_extra-align-center elementor-tablet-align-center elementor-mobile_extra-align-center elementor-invisible elementor-widget elementor-widget-button\" data-id=\"6734dfd6\" data-element_type=\"widget\" data-e-type=\"widget\" data-settings=\"{&quot;_animation&quot;:&quot;fadeInDown&quot;}\" data-widget_type=\"button.default\">\n\t\t\t\t<div class=\"elementor-widget-container\">\n\t\t\t\t\t\t\t\t\t<div class=\"elementor-button-wrapper\">\n\t\t\t\t\t<a class=\"elementor-button elementor-button-link elementor-size-sm\" href=\"https:\/\/adicanis.com\/en\/contact\/\" target=\"_blank\">\n\t\t\t\t\t\t<span class=\"elementor-button-content-wrapper\">\n\t\t\t\t\t\t\t\t\t<span class=\"elementor-button-text\">MORE INFORMATION<\/span>\n\t\t\t\t\t<\/span>\n\t\t\t\t\t<\/a>\n\t\t\t\t<\/div>\n\t\t\t\t\t\t\t\t<\/div>\n\t\t\t\t<\/div>\n\t\t\t\t\t<\/div>\n\t\t<\/div>\n\t\t\t\t\t<\/div>\n\t\t<\/section>\n\t\t<div class=\"elementor-element elementor-element-198fb29 e-flex e-con-boxed e-con e-parent\" data-id=\"198fb29\" data-element_type=\"container\" data-e-type=\"container\" data-settings=\"{&quot;background_background&quot;:&quot;gradient&quot;}\">\n\t\t\t\t\t<div class=\"e-con-inner\">\n\t\t<div class=\"elementor-element elementor-element-addc33f e-con-full e-flex e-con e-child\" data-id=\"addc33f\" data-element_type=\"container\" data-e-type=\"container\">\n\t\t\t\t<div class=\"elementor-element elementor-element-bc0f8e8 elementor-widget elementor-widget-text-editor\" data-id=\"bc0f8e8\" data-element_type=\"widget\" data-e-type=\"widget\" data-widget_type=\"text-editor.default\">\n\t\t\t\t<div class=\"elementor-widget-container\">\n\t\t\t\t\t\t\t\t\t<p>We are specialized in the breeding and selection of the <b><i>German Shepherd Dog<\/i><\/b> working line and we do it under the regulations of the <i>Real Club Espa\u00f1ol del Perro Pastor Alem\u00e1n<\/i> <em><strong>(REALCEPPA)<\/strong><\/em> with the affix TABISGUAN recognized by the F\u00e9d\u00e9ration Cynologique Internationales with the number 135\/93 since 1993.<\/p>\n\t\t\t\t\t\t\t\t<\/div>\n\t\t\t\t<\/div>\n\t\t\t\t<\/div>\n\t\t<div class=\"elementor-element elementor-element-1ec9c95 e-con-full e-flex e-con e-child\" data-id=\"1ec9c95\" data-element_type=\"container\" data-e-type=\"container\">\n\t\t\t\t<div class=\"elementor-element elementor-element-60247b4 elementor-widget elementor-widget-image\" data-id=\"60247b4\" data-element_type=\"widget\" data-e-type=\"widget\" data-widget_type=\"image.default\">\n\t\t\t\t<div class=\"elementor-widget-container\">\n\t\t\t\t\t\t\t\t\t\t\t\t\t\t\t<img loading=\"lazy\" decoding=\"async\" width=\"313\" height=\"320\" src=\"https:\/\/adicanis.com\/wp-content\/uploads\/2023\/01\/PASTOR-ALEMAN.jpg\" class=\"attachment-large size-large wp-image-2971\" alt=\"\" srcset=\"https:\/\/adicanis.com\/wp-content\/uploads\/2023\/01\/PASTOR-ALEMAN.jpg 313w, https:\/\/adicanis.com\/wp-content\/uploads\/2023\/01\/PASTOR-ALEMAN-293x300.jpg 293w\" sizes=\"(max-width: 313px) 100vw, 313px\" \/>\t\t\t\t\t\t\t\t\t\t\t\t\t\t\t<\/div>\n\t\t\t\t<\/div>\n\t\t\t\t<\/div>\n\t\t\t\t\t<\/div>\n\t\t\t\t<\/div>\n\t\t\t\t<\/div>\n\t\t","protected":false},"excerpt":{"rendered":"<p>BREEDING AND SELECTION MORE INFORMATION We are specialized in the breeding and selection of the German Shepherd Dog working line and we do it under the regulations of the Real Club Espa\u00f1ol del Perro Pastor Alem\u00e1n (REALCEPPA) with the affix TABISGUAN recognized by the F\u00e9d\u00e9ration Cynologique Internationales with the number 135\/93 since 1993.<\/p>\n","protected":false},"author":1,"featured_media":0,"parent":0,"menu_order":0,"comment_status":"closed","ping_status":"closed","template":"","meta":{"_uag_custom_page_level_css":"","site-sidebar-layout":"no-sidebar","site-content-layout":"page-builder","ast-site-content-layout":"","site-content-style":"default","site-sidebar-style":"default","ast-global-header-display":"","ast-banner-title-visibility":"","ast-main-header-display":"","ast-hfb-above-header-display":"","ast-hfb-below-header-display":"","ast-hfb-mobile-header-display":"","site-post-title":"disabled","ast-breadcrumbs-content":"","ast-featured-img":"disabled","footer-sml-layout":"","theme-transparent-header-meta":"","adv-header-id-meta":"","stick-header-meta":"","header-above-stick-meta":"","header-main-stick-meta":"","header-below-stick-meta":"","astra-migrate-meta-layouts":"","footnotes":""},"class_list":["post-2387","page","type-page","status-publish","hentry"],"uagb_featured_image_src":{"full":false,"thumbnail":false,"medium":false,"medium_large":false,"large":false,"1536x1536":false,"2048x2048":false},"uagb_author_info":{"display_name":"adicanis","author_link":"https:\/\/adicanis.com\/en\/author\/adicanis\/"},"uagb_comment_info":0,"uagb_excerpt":"BREEDING AND SELECTION MORE INFORMATION We are specialized in the breeding and selection of the German Shepherd Dog working line and we do it under the regulations of the Real Club Espa\u00f1ol del Perro Pastor Alem\u00e1n (REALCEPPA) with the affix TABISGUAN recognized by the F\u00e9d\u00e9ration Cynologique Internationales with the number 135\/93 since 1993.","_links":{"self":[{"href":"https:\/\/adicanis.com\/en\/wp-json\/wp\/v2\/pages\/2387","targetHints":{"allow":["GET"]}}],"collection":[{"href":"https:\/\/adicanis.com\/en\/wp-json\/wp\/v2\/pages"}],"about":[{"href":"https:\/\/adicanis.com\/en\/wp-json\/wp\/v2\/types\/page"}],"author":[{"embeddable":true,"href":"https:\/\/adicanis.com\/en\/wp-json\/wp\/v2\/users\/1"}],"replies":[{"embeddable":true,"href":"https:\/\/adicanis.com\/en\/wp-json\/wp\/v2\/comments?post=2387"}],"version-history":[{"count":0,"href":"https:\/\/adicanis.com\/en\/wp-json\/wp\/v2\/pages\/2387\/revisions"}],"wp:attachment":[{"href":"https:\/\/adicanis.com\/en\/wp-json\/wp\/v2\/media?parent=2387"}],"curies":[{"name":"wp","href":"https:\/\/api.w.org\/{rel}","templated":true}]}}